{"id":5,"date":"2015-01-16T13:59:46","date_gmt":"2015-01-16T11:59:46","guid":{"rendered":"http:\/\/www.psv-wsa.de\/psv-blog\/?page_id=5"},"modified":"2025-02-16T20:46:28","modified_gmt":"2025-02-16T19:46:28","slug":"verein","status":"publish","type":"page","link":"https:\/\/www.psv-wsa.de\/psv-blog\/?page_id=5","title":{"rendered":"Verein"},"content":{"rendered":"<p>Wir nehmen jederzeit und gerne neue Mitglieder auf. Und falls sich die Frage stellt: Wir stehen selbstverst\u00e4ndlich allen Berufsgruppen offen.<br \/>\nBei Interesse, Fragen und f\u00fcr n\u00e4here Details wenden Sie sich bitte an unseren Vorstand. vorstand (at) psv-wsa.de<\/p>\n<p>Die Wassersportabteilung des Polizei-Sport-Vereins wurde 1951 gegr\u00fcndet und ist seitdem in Spandau-Hakenfelde direkt neben der Wasserschutzpolizei angesiedelt.<\/p>\n<p>Wir sind Mitglied im <a href=\"http:\/\/www.dsv.org\/\" target=\"_blank\" rel=\"noopener\">Deutschen Segler Verband<\/a>.<\/p>\n<p>Unser Schwerpunkt liegt im Bereich Segeln, und so sind die angrenzenden Reviere Oberhavel und Tegeler See unser Zuhause. Auch bis zum Niederneuendorfer See ist es nicht sehr weit, und keine Br\u00fccke versperrt unseren Masten den Weg.<\/p>\n<p>Die vielen Fahrtensegler im Verein lassen sich nat\u00fcrlich auch von den Br\u00fccken nicht halten und brechen von hier aus auf zu ihren wochen- und monatelangen Reisen.<\/p>\n<p>Aber nicht nur Segler haben ihren Platz bei uns gefunden. Mit Motorboot oder z. B. dem Kajak liegt der Hohenzollernkanal direkt vor der T\u00fcr, oder eine Schleusung weiter sind wir schon auf Unterhavel und Spree.<\/p>\n<p>Keine so weiten Wege werden die Schwimmer im Auge haben. Wir haben eine Badeleiter und ungeheiztes Wasser ist w\u00e4hrend der Saison stets verf\u00fcgbar. Und zwischendurch sieht man auch immer wieder das eine oder andere Mitglied mit Angel auf dem Steg bei der meditativen Jagd nach einem Fisch.<\/p>\n<p>Leider, leider, leider haben auch wir mit &#8222;Nachwuchsproblemem&#8220; zu k\u00e4mpfen und haben zur Zeit keine ordentliche Jugendabteilung.<\/p>\n<p>Wir betreiben ein reges Vereinsleben, und neben Kaffee und Kuchen bleibt immer Zeit f\u00fcr einen Schnack oder wilde Diskussionen \u00fcber die Umbauten oder Pflege an Booten.<\/p>\n<p>Neue Mitglieder sind uns stets und herzlich willkommen!<\/p>\n","protected":false},"excerpt":{"rendered":"<p>Wir nehmen jederzeit und gerne neue Mitglieder auf. Und falls sich die Frage stellt: Wir stehen selbstverst\u00e4ndlich allen Berufsgruppen offen. Bei Interesse, Fragen und f\u00fcr n\u00e4here Details wenden Sie sich bitte an unseren Vorstand. vorstand (at) psv-wsa.de Die Wassersportabteilung des Polizei-Sport-Vereins wurde 1951 gegr\u00fcndet und ist seitdem in Spandau-Hakenfelde direkt neben der Wasserschutzpolizei angesiedelt. Wir [&hellip;]<\/p>\n","protected":false},"author":1,"featured_media":0,"parent":0,"menu_order":1,"comment_status":"closed","ping_status":"closed","template":"","meta":{"_bbp_topic_count":0,"_bbp_reply_count":0,"_bbp_total_topic_count":0,"_bbp_total_reply_count":0,"_bbp_voice_count":0,"_bbp_anonymous_reply_count":0,"_bbp_topic_count_hidden":0,"_bbp_reply_count_hidden":0,"_bbp_forum_subforum_count":0,"inline_featured_image":false,"footnotes":""},"class_list":["post-5","page","type-page","status-publish","hentry"],"_links":{"self":[{"href":"https:\/\/www.psv-wsa.de\/psv-blog\/index.php?rest_route=\/wp\/v2\/pages\/5","targetHints":{"allow":["GET"]}}],"collection":[{"href":"https:\/\/www.psv-wsa.de\/psv-blog\/index.php?rest_route=\/wp\/v2\/pages"}],"about":[{"href":"https:\/\/www.psv-wsa.de\/psv-blog\/index.php?rest_route=\/wp\/v2\/types\/page"}],"author":[{"embeddable":true,"href":"https:\/\/www.psv-wsa.de\/psv-blog\/index.php?rest_route=\/wp\/v2\/users\/1"}],"replies":[{"embeddable":true,"href":"https:\/\/www.psv-wsa.de\/psv-blog\/index.php?rest_route=%2Fwp%2Fv2%2Fcomments&post=5"}],"version-history":[{"count":11,"href":"https:\/\/www.psv-wsa.de\/psv-blog\/index.php?rest_route=\/wp\/v2\/pages\/5\/revisions"}],"predecessor-version":[{"id":1721,"href":"https:\/\/www.psv-wsa.de\/psv-blog\/index.php?rest_route=\/wp\/v2\/pages\/5\/revisions\/1721"}],"wp:attachment":[{"href":"https:\/\/www.psv-wsa.de\/psv-blog\/index.php?rest_route=%2Fwp%2Fv2%2Fmedia&parent=5"}],"curies":[{"name":"wp","href":"https:\/\/api.w.org\/{rel}","templated":true}]}}