{"id":13,"date":"2015-01-16T14:03:37","date_gmt":"2015-01-16T12:03:37","guid":{"rendered":"http:\/\/www.psv-wsa.de\/psv-blog\/?page_id=13"},"modified":"2023-06-10T19:32:45","modified_gmt":"2023-06-10T17:32:45","slug":"kontakt","status":"publish","type":"page","link":"https:\/\/www.psv-wsa.de\/psv-blog\/?page_id=13","title":{"rendered":"Kontakt\/Impressum"},"content":{"rendered":"<p>Polizei-Sport-Verein e.V.<br \/>\nWassersportabteilung<br \/>\nMertensstra\u00dfe 140<br \/>\n13587 Berlin<br \/>\nTel.: 030 \/ 335 33 87 (Kontaktaufnahme f\u00fcr z.B. Bewerbungen bitte per Mail)<\/p>\n<p>Kontaktpersonen siehe <a href=\"http:\/\/www.psv-wsa.de\/psv-blog\/?page_id=7\">Vorstand<\/a><\/p>\n<p><strong>Haftungshinweis<\/strong><br \/>\nTrotz sorgf\u00e4ltiger inhaltlicher Kontrolle \u00fcbernehmen wir keine Haftung f\u00fcr die Inhalte externer Links. F\u00fcr den Inhalt der verlinkten Seiten oder Dateien sind ausschlie\u00dflich deren Betreiber verantwortlich.<\/p>\n<p><strong>Webmaster<\/strong><br \/>\nThomas K\u00e4ske<br \/>\nwebmaster@psv-wsa.de<\/p>\n","protected":false},"excerpt":{"rendered":"<p>Polizei-Sport-Verein e.V. Wassersportabteilung Mertensstra\u00dfe 140 13587 Berlin Tel.: 030 \/ 335 33 87 (Kontaktaufnahme f\u00fcr z.B. Bewerbungen bitte per Mail) Kontaktpersonen siehe Vorstand Haftungshinweis Trotz sorgf\u00e4ltiger inhaltlicher Kontrolle \u00fcbernehmen wir keine Haftung f\u00fcr die Inhalte externer Links. F\u00fcr den Inhalt der verlinkten Seiten oder Dateien sind ausschlie\u00dflich deren Betreiber verantwortlich. Webmaster Thomas K\u00e4ske webmaster@psv-wsa.de<\/p>\n","protected":false},"author":1,"featured_media":0,"parent":5,"menu_order":7,"comment_status":"closed","ping_status":"closed","template":"","meta":{"_bbp_topic_count":0,"_bbp_reply_count":0,"_bbp_total_topic_count":0,"_bbp_total_reply_count":0,"_bbp_voice_count":0,"_bbp_anonymous_reply_count":0,"_bbp_topic_count_hidden":0,"_bbp_reply_count_hidden":0,"_bbp_forum_subforum_count":0,"inline_featured_image":false,"footnotes":""},"class_list":["post-13","page","type-page","status-publish","hentry"],"_links":{"self":[{"href":"https:\/\/www.psv-wsa.de\/psv-blog\/index.php?rest_route=\/wp\/v2\/pages\/13","targetHints":{"allow":["GET"]}}],"collection":[{"href":"https:\/\/www.psv-wsa.de\/psv-blog\/index.php?rest_route=\/wp\/v2\/pages"}],"about":[{"href":"https:\/\/www.psv-wsa.de\/psv-blog\/index.php?rest_route=\/wp\/v2\/types\/page"}],"author":[{"embeddable":true,"href":"https:\/\/www.psv-wsa.de\/psv-blog\/index.php?rest_route=\/wp\/v2\/users\/1"}],"replies":[{"embeddable":true,"href":"https:\/\/www.psv-wsa.de\/psv-blog\/index.php?rest_route=%2Fwp%2Fv2%2Fcomments&post=13"}],"version-history":[{"count":7,"href":"https:\/\/www.psv-wsa.de\/psv-blog\/index.php?rest_route=\/wp\/v2\/pages\/13\/revisions"}],"predecessor-version":[{"id":1571,"href":"https:\/\/www.psv-wsa.de\/psv-blog\/index.php?rest_route=\/wp\/v2\/pages\/13\/revisions\/1571"}],"up":[{"embeddable":true,"href":"https:\/\/www.psv-wsa.de\/psv-blog\/index.php?rest_route=\/wp\/v2\/pages\/5"}],"wp:attachment":[{"href":"https:\/\/www.psv-wsa.de\/psv-blog\/index.php?rest_route=%2Fwp%2Fv2%2Fmedia&parent=13"}],"curies":[{"name":"wp","href":"https:\/\/api.w.org\/{rel}","templated":true}]}}